{"id":23,"date":"2026-01-12T15:11:40","date_gmt":"2026-01-12T15:11:40","guid":{"rendered":"https:\/\/flamingoasu.com\/home\/"},"modified":"2026-01-12T20:52:19","modified_gmt":"2026-01-12T23:52:19","slug":"home","status":"publish","type":"page","link":"https:\/\/flamingoasu.com\/","title":{"rendered":"Home"},"content":{"rendered":"\t\t<div data-elementor-type=\"wp-page\" data-elementor-id=\"23\" class=\"elementor elementor-23\" data-elementor-post-type=\"page\">\n\t\t\t\t<div class=\"elementor-element elementor-element-c8a72fd e-flex e-con-boxed e-con e-parent\" data-id=\"c8a72fd\" data-element_type=\"container\">\n\t\t\t\t\t<div class=\"e-con-inner\">\n\t\t<div class=\"elementor-element elementor-element-0aee003 e-con-full elementor-hidden-tablet elementor-hidden-mobile e-flex e-con e-child\" data-id=\"0aee003\" data-element_type=\"container\">\n\t\t<div class=\"elementor-element elementor-element-349c2cc hostinger-ai-hero-for-online-store-3 hostinger-ai-background-image  e-con-full e-flex e-con e-child\" data-id=\"349c2cc\" data-element_type=\"container\" data-settings=\"{&quot;background_background&quot;:&quot;classic&quot;}\">\n\t\t<div class=\"elementor-element elementor-element-8917196 e-con-full e-flex e-con e-child\" data-id=\"8917196\" data-element_type=\"container\">\n\t\t\t\t<div class=\"elementor-element elementor-element-903564d is-style-default elementor-widget-divider--view-line elementor-widget elementor-widget-divider\" data-id=\"903564d\" data-element_type=\"widget\" data-widget_type=\"divider.default\">\n\t\t\t\t\t\t\t<div class=\"elementor-divider\">\n\t\t\t<span class=\"elementor-divider-separator\">\n\t\t\t\t\t\t<\/span>\n\t\t<\/div>\n\t\t\t\t\t\t<\/div>\n\t\t\t\t<div class=\"elementor-element elementor-element-5b7737c hostinger-ai-title hostinger-index-5 elementor-widget elementor-widget-heading\" data-id=\"5b7737c\" data-element_type=\"widget\" data-widget_type=\"heading.default\">\n\t\t\t\t\t<h2 class=\"elementor-heading-title elementor-size-default\">Flamingoasu<\/h2>\t\t\t\t<\/div>\n\t\t\t\t<div class=\"elementor-element elementor-element-7de9e15 hostinger-ai-description hostinger-index-0 elementor-widget elementor-widget-heading\" data-id=\"7de9e15\" data-element_type=\"widget\" data-widget_type=\"heading.default\">\n\t\t\t\t\t<p class=\"elementor-heading-title elementor-size-default\">No son solo accesorios, es tu esencia en cada detalle.<\/p>\t\t\t\t<\/div>\n\t\t\t\t<div class=\"elementor-element elementor-element-a393f30 hostinger-ai-cta-button hostinger-index-6 elementor-widget elementor-widget-button\" data-id=\"a393f30\" data-element_type=\"widget\" data-widget_type=\"button.default\">\n\t\t\t\t\t\t\t\t\t\t<a class=\"elementor-button elementor-button-link elementor-size-sm\" href=\"https:\/\/flamingoasu.com\/?p=16\">\n\t\t\t\t\t\t<span class=\"elementor-button-content-wrapper\">\n\t\t\t\t\t\t\t\t\t<span class=\"elementor-button-text\">Comprar Ahora<\/span>\n\t\t\t\t\t<\/span>\n\t\t\t\t\t<\/a>\n\t\t\t\t\t\t\t\t<\/div>\n\t\t\t\t<\/div>\n\t\t\t\t<\/div>\n\t\t\t\t<\/div>\n\t\t<div class=\"elementor-element elementor-element-4249ea0 e-grid hostinger-ai-product-category-4 e-con-full e-con e-child\" data-id=\"4249ea0\" data-element_type=\"container\">\n\t\t<div class=\"elementor-element elementor-element-c908bf6 e-con-full e-flex e-con e-child\" data-id=\"c908bf6\" data-element_type=\"container\">\n\t\t<div class=\"elementor-element elementor-element-1349706 e-con-full e-flex e-con e-child\" data-id=\"1349706\" data-element_type=\"container\">\n\t\t<div class=\"elementor-element elementor-element-d6d297e e-con-full e-flex e-con e-child\" data-id=\"d6d297e\" data-element_type=\"container\">\n\t\t<div class=\"elementor-element elementor-element-1a4d518 e-con-full is-light has-white-color hostinger-ai-cover-image hostinger-index-10 e-flex e-con e-child\" data-id=\"1a4d518\" data-element_type=\"container\" data-settings=\"{&quot;background_background&quot;:&quot;classic&quot;}\">\n\t\t<div class=\"elementor-element elementor-element-cae428c e-con-full e-flex e-con e-child\" data-id=\"cae428c\" data-element_type=\"container\" data-settings=\"{&quot;position&quot;:&quot;absolute&quot;}\">\n\t\t\t\t<div class=\"elementor-element elementor-element-a4aba5c elementor-align-center hostinger-ai-cta-button hostinger-index-6 elementor-widget elementor-widget-button\" data-id=\"a4aba5c\" data-element_type=\"widget\" data-widget_type=\"button.default\">\n\t\t\t\t\t\t\t\t\t\t<a class=\"elementor-button elementor-button-link elementor-size-sm\" href=\"#\">\n\t\t\t\t\t\t<span class=\"elementor-button-content-wrapper\">\n\t\t\t\t\t\t\t\t\t<span class=\"elementor-button-text\">Haz clic aqu\u00ed<\/span>\n\t\t\t\t\t<\/span>\n\t\t\t\t\t<\/a>\n\t\t\t\t\t\t\t\t<\/div>\n\t\t\t\t<div class=\"elementor-element elementor-element-ea1e9a7 hostinger-ai-title hostinger-index-6 elementor-widget elementor-widget-heading\" data-id=\"ea1e9a7\" data-element_type=\"widget\" data-widget_type=\"heading.default\">\n\t\t\t\t\t<h2 class=\"elementor-heading-title elementor-size-default\">Pulseras<\/h2>\t\t\t\t<\/div>\n\t\t\t\t<\/div>\n\t\t\t\t<\/div>\n\t\t\t\t<\/div>\n\t\t<div class=\"elementor-element elementor-element-3f0c2d9 e-con-full e-flex e-con e-child\" data-id=\"3f0c2d9\" data-element_type=\"container\">\n\t\t<div class=\"elementor-element elementor-element-c4f9953 e-con-full is-light has-white-color hostinger-ai-cover-image hostinger-index-11 e-flex e-con e-child\" data-id=\"c4f9953\" data-element_type=\"container\" data-settings=\"{&quot;background_background&quot;:&quot;classic&quot;}\">\n\t\t<div class=\"elementor-element elementor-element-8e6c0ff e-con-full e-flex e-con e-child\" data-id=\"8e6c0ff\" data-element_type=\"container\" data-settings=\"{&quot;position&quot;:&quot;absolute&quot;}\">\n\t\t\t\t<div class=\"elementor-element elementor-element-4ea36dd elementor-align-center hostinger-ai-cta-button hostinger-index-6 elementor-widget elementor-widget-button\" data-id=\"4ea36dd\" data-element_type=\"widget\" data-widget_type=\"button.default\">\n\t\t\t\t\t\t\t\t\t\t<a class=\"elementor-button elementor-button-link elementor-size-sm\" href=\"#\">\n\t\t\t\t\t\t<span class=\"elementor-button-content-wrapper\">\n\t\t\t\t\t\t\t\t\t<span class=\"elementor-button-text\">Haz clic aqu\u00ed<\/span>\n\t\t\t\t\t<\/span>\n\t\t\t\t\t<\/a>\n\t\t\t\t\t\t\t\t<\/div>\n\t\t\t\t<div class=\"elementor-element elementor-element-259954d hostinger-ai-title hostinger-index-11 elementor-widget elementor-widget-heading\" data-id=\"259954d\" data-element_type=\"widget\" data-widget_type=\"heading.default\">\n\t\t\t\t\t<h2 class=\"elementor-heading-title elementor-size-default\">Collares<\/h2>\t\t\t\t<\/div>\n\t\t\t\t<\/div>\n\t\t\t\t<\/div>\n\t\t\t\t<\/div>\n\t\t\t\t<\/div>\n\t\t<div class=\"elementor-element elementor-element-5849bba e-con-full e-flex e-con e-child\" data-id=\"5849bba\" data-element_type=\"container\">\n\t\t<div class=\"elementor-element elementor-element-d5fe0fa e-con-full e-flex e-con e-child\" data-id=\"d5fe0fa\" data-element_type=\"container\">\n\t\t<div class=\"elementor-element elementor-element-59e1c1a e-con-full is-light has-white-color hostinger-ai-cover-image hostinger-index-10 e-flex e-con e-child\" data-id=\"59e1c1a\" data-element_type=\"container\" data-settings=\"{&quot;background_background&quot;:&quot;classic&quot;}\">\n\t\t<div class=\"elementor-element elementor-element-37d2437 e-con-full e-flex e-con e-child\" data-id=\"37d2437\" data-element_type=\"container\" data-settings=\"{&quot;position&quot;:&quot;absolute&quot;}\">\n\t\t\t\t<div class=\"elementor-element elementor-element-86bcd6a elementor-align-center hostinger-ai-cta-button hostinger-index-6 elementor-widget elementor-widget-button\" data-id=\"86bcd6a\" data-element_type=\"widget\" data-widget_type=\"button.default\">\n\t\t\t\t\t\t\t\t\t\t<a class=\"elementor-button elementor-button-link elementor-size-sm\" href=\"#\">\n\t\t\t\t\t\t<span class=\"elementor-button-content-wrapper\">\n\t\t\t\t\t\t\t\t\t<span class=\"elementor-button-text\">Haz clic aqu\u00ed<\/span>\n\t\t\t\t\t<\/span>\n\t\t\t\t\t<\/a>\n\t\t\t\t\t\t\t\t<\/div>\n\t\t\t\t<div class=\"elementor-element elementor-element-caf7b74 hostinger-ai-title hostinger-index-6 elementor-widget elementor-widget-heading\" data-id=\"caf7b74\" data-element_type=\"widget\" data-widget_type=\"heading.default\">\n\t\t\t\t\t<h2 class=\"elementor-heading-title elementor-size-default\">Relojes<\/h2>\t\t\t\t<\/div>\n\t\t\t\t<\/div>\n\t\t\t\t<\/div>\n\t\t\t\t<\/div>\n\t\t<div class=\"elementor-element elementor-element-fd27520 e-con-full e-flex e-con e-child\" data-id=\"fd27520\" data-element_type=\"container\">\n\t\t<div class=\"elementor-element elementor-element-8197696 e-con-full is-light has-white-color hostinger-ai-cover-image hostinger-index-11 e-flex e-con e-child\" data-id=\"8197696\" data-element_type=\"container\" data-settings=\"{&quot;background_background&quot;:&quot;classic&quot;}\">\n\t\t<div class=\"elementor-element elementor-element-4b9aa26 e-con-full e-flex e-con e-child\" data-id=\"4b9aa26\" data-element_type=\"container\" data-settings=\"{&quot;position&quot;:&quot;absolute&quot;}\">\n\t\t\t\t<div class=\"elementor-element elementor-element-58cd8c1 elementor-align-center hostinger-ai-cta-button hostinger-index-6 elementor-widget elementor-widget-button\" data-id=\"58cd8c1\" data-element_type=\"widget\" data-widget_type=\"button.default\">\n\t\t\t\t\t\t\t\t\t\t<a class=\"elementor-button elementor-button-link elementor-size-sm\" href=\"#\">\n\t\t\t\t\t\t<span class=\"elementor-button-content-wrapper\">\n\t\t\t\t\t\t\t\t\t<span class=\"elementor-button-text\">Haz clic aqu\u00ed<\/span>\n\t\t\t\t\t<\/span>\n\t\t\t\t\t<\/a>\n\t\t\t\t\t\t\t\t<\/div>\n\t\t\t\t<div class=\"elementor-element elementor-element-7ea30f6 hostinger-ai-title hostinger-index-11 elementor-widget elementor-widget-heading\" data-id=\"7ea30f6\" data-element_type=\"widget\" data-widget_type=\"heading.default\">\n\t\t\t\t\t<h2 class=\"elementor-heading-title elementor-size-default\">San valentin<\/h2>\t\t\t\t<\/div>\n\t\t\t\t<\/div>\n\t\t\t\t<\/div>\n\t\t\t\t<\/div>\n\t\t\t\t<\/div>\n\t\t\t\t<\/div>\n\t\t\t\t<\/div>\n\t\t\t\t\t<\/div>\n\t\t\t\t<\/div>\n\t\t<div class=\"elementor-element elementor-element-7867da8 e-grid e-con-full hostinger-product-list e-con e-parent\" data-id=\"7867da8\" data-element_type=\"container\">\n\t\t<div class=\"elementor-element elementor-element-87f2589 e-flex e-con-boxed e-con e-child\" data-id=\"87f2589\" data-element_type=\"container\">\n\t\t\t\t\t<div class=\"e-con-inner\">\n\t\t\t\t<div class=\"elementor-element elementor-element-ffc2b31 hostinger-ai-title elementor-widget elementor-widget-heading\" data-id=\"ffc2b31\" data-element_type=\"widget\" data-widget_type=\"heading.default\">\n\t\t\t\t\t<h2 class=\"elementor-heading-title elementor-size-default\">Men's Accessories<\/h2>\t\t\t\t<\/div>\n\t\t\t\t<div class=\"elementor-element elementor-element-9a280ab elementor-widget elementor-widget-shortcode\" data-id=\"9a280ab\" data-element_type=\"widget\" data-widget_type=\"shortcode.default\">\n\t\t\t\t\t\t\t<div class=\"elementor-shortcode\"><div class=\"woocommerce columns-4 \"><ul class=\"products columns-4\">\n<li class=\"product type-product post-83 status-publish first instock product_cat-uncategorized has-post-thumbnail shipping-taxable purchasable product-type-simple\">\n\t<a href=\"https:\/\/flamingoasu.com\/?product=pulsera-cordon-de-acero\" class=\"woocommerce-LoopProduct-link woocommerce-loop-product__link\"><img fetchpriority=\"high\" decoding=\"async\" width=\"300\" height=\"300\" src=\"https:\/\/flamingoasu.com\/wp-content\/uploads\/2026\/01\/WhatsApp-Image-2026-01-14-at-17.09.09-1-300x300.jpeg\" class=\"attachment-woocommerce_thumbnail size-woocommerce_thumbnail\" alt=\"Pulsera Cordon de Acero\" srcset=\"https:\/\/flamingoasu.com\/wp-content\/uploads\/2026\/01\/WhatsApp-Image-2026-01-14-at-17.09.09-1-300x300.jpeg 300w, https:\/\/flamingoasu.com\/wp-content\/uploads\/2026\/01\/WhatsApp-Image-2026-01-14-at-17.09.09-1-150x150.jpeg 150w, https:\/\/flamingoasu.com\/wp-content\/uploads\/2026\/01\/WhatsApp-Image-2026-01-14-at-17.09.09-1-100x100.jpeg 100w\" sizes=\"(max-width: 300px) 100vw, 300px\" \/><h2 class=\"woocommerce-loop-product__title\">Pulsera Cordon de Acero<\/h2>\n\t<span class=\"price\"><span class=\"woocommerce-Price-amount amount\"><bdi><span class=\"woocommerce-Price-currencySymbol\">&#8370;<\/span>&nbsp;120.000<\/bdi><\/span><\/span>\n<\/a><a href=\"\/index.php?rest_route=%2Fwp%2Fv2%2Fpages%2F23&#038;add-to-cart=83\" aria-describedby=\"woocommerce_loop_add_to_cart_link_describedby_83\" data-quantity=\"1\" class=\"button wp-element-button product_type_simple add_to_cart_button ajax_add_to_cart\" data-product_id=\"83\" data-product_sku=\"\" aria-label=\"Add to cart: &ldquo;Pulsera Cordon de Acero&rdquo;\" rel=\"nofollow\" data-success_message=\"&ldquo;Pulsera Cordon de Acero&rdquo; se agreg\u00f3 al carrito\" role=\"button\">Agregar al carrito<\/a>\t<span id=\"woocommerce_loop_add_to_cart_link_describedby_83\" class=\"screen-reader-text\">\n\t\t\t<\/span>\n<\/li>\n<li class=\"product type-product post-81 status-publish instock product_cat-collares has-post-thumbnail shipping-taxable purchasable product-type-simple\">\n\t<a href=\"https:\/\/flamingoasu.com\/?product=collar-sky-guardian\" class=\"woocommerce-LoopProduct-link woocommerce-loop-product__link\"><img decoding=\"async\" width=\"300\" height=\"300\" src=\"https:\/\/flamingoasu.com\/wp-content\/uploads\/2026\/01\/WhatsApp-Image-2026-01-14-at-17.09.11-300x300.jpeg\" class=\"attachment-woocommerce_thumbnail size-woocommerce_thumbnail\" alt=\"Collar Sky Guardian\" srcset=\"https:\/\/flamingoasu.com\/wp-content\/uploads\/2026\/01\/WhatsApp-Image-2026-01-14-at-17.09.11-300x300.jpeg 300w, https:\/\/flamingoasu.com\/wp-content\/uploads\/2026\/01\/WhatsApp-Image-2026-01-14-at-17.09.11-1024x1024.jpeg 1024w, https:\/\/flamingoasu.com\/wp-content\/uploads\/2026\/01\/WhatsApp-Image-2026-01-14-at-17.09.11-150x150.jpeg 150w, https:\/\/flamingoasu.com\/wp-content\/uploads\/2026\/01\/WhatsApp-Image-2026-01-14-at-17.09.11-768x768.jpeg 768w, https:\/\/flamingoasu.com\/wp-content\/uploads\/2026\/01\/WhatsApp-Image-2026-01-14-at-17.09.11-1536x1536.jpeg 1536w, https:\/\/flamingoasu.com\/wp-content\/uploads\/2026\/01\/WhatsApp-Image-2026-01-14-at-17.09.11-600x600.jpeg 600w, https:\/\/flamingoasu.com\/wp-content\/uploads\/2026\/01\/WhatsApp-Image-2026-01-14-at-17.09.11-100x100.jpeg 100w, https:\/\/flamingoasu.com\/wp-content\/uploads\/2026\/01\/WhatsApp-Image-2026-01-14-at-17.09.11.jpeg 1600w\" sizes=\"(max-width: 300px) 100vw, 300px\" \/><h2 class=\"woocommerce-loop-product__title\">Collar Sky Guardian<\/h2>\n\t<span class=\"price\"><span class=\"woocommerce-Price-amount amount\"><bdi><span class=\"woocommerce-Price-currencySymbol\">&#8370;<\/span>&nbsp;90.000<\/bdi><\/span><\/span>\n<\/a><a href=\"\/index.php?rest_route=%2Fwp%2Fv2%2Fpages%2F23&#038;add-to-cart=81\" aria-describedby=\"woocommerce_loop_add_to_cart_link_describedby_81\" data-quantity=\"1\" class=\"button wp-element-button product_type_simple add_to_cart_button ajax_add_to_cart\" data-product_id=\"81\" data-product_sku=\"\" aria-label=\"Add to cart: &ldquo;Collar Sky Guardian&rdquo;\" rel=\"nofollow\" data-success_message=\"&ldquo;Collar Sky Guardian&rdquo; se agreg\u00f3 al carrito\" role=\"button\">Agregar al carrito<\/a>\t<span id=\"woocommerce_loop_add_to_cart_link_describedby_81\" class=\"screen-reader-text\">\n\t\t\t<\/span>\n<\/li>\n<li class=\"product type-product post-79 status-publish instock product_cat-collares has-post-thumbnail shipping-taxable purchasable product-type-simple\">\n\t<a href=\"https:\/\/flamingoasu.com\/?product=collar-onyx-square\" class=\"woocommerce-LoopProduct-link woocommerce-loop-product__link\"><img decoding=\"async\" width=\"300\" height=\"300\" src=\"https:\/\/flamingoasu.com\/wp-content\/uploads\/2026\/01\/WhatsApp-Image-2026-01-14-at-17.09.12-300x300.jpeg\" class=\"attachment-woocommerce_thumbnail size-woocommerce_thumbnail\" alt=\"Collar Onyx Square\" srcset=\"https:\/\/flamingoasu.com\/wp-content\/uploads\/2026\/01\/WhatsApp-Image-2026-01-14-at-17.09.12-300x300.jpeg 300w, https:\/\/flamingoasu.com\/wp-content\/uploads\/2026\/01\/WhatsApp-Image-2026-01-14-at-17.09.12-1024x1024.jpeg 1024w, https:\/\/flamingoasu.com\/wp-content\/uploads\/2026\/01\/WhatsApp-Image-2026-01-14-at-17.09.12-150x150.jpeg 150w, https:\/\/flamingoasu.com\/wp-content\/uploads\/2026\/01\/WhatsApp-Image-2026-01-14-at-17.09.12-768x768.jpeg 768w, https:\/\/flamingoasu.com\/wp-content\/uploads\/2026\/01\/WhatsApp-Image-2026-01-14-at-17.09.12-1536x1536.jpeg 1536w, https:\/\/flamingoasu.com\/wp-content\/uploads\/2026\/01\/WhatsApp-Image-2026-01-14-at-17.09.12-600x600.jpeg 600w, https:\/\/flamingoasu.com\/wp-content\/uploads\/2026\/01\/WhatsApp-Image-2026-01-14-at-17.09.12-100x100.jpeg 100w, https:\/\/flamingoasu.com\/wp-content\/uploads\/2026\/01\/WhatsApp-Image-2026-01-14-at-17.09.12.jpeg 1600w\" sizes=\"(max-width: 300px) 100vw, 300px\" \/><h2 class=\"woocommerce-loop-product__title\">Collar Onyx Square<\/h2>\n\t<span class=\"price\"><span class=\"woocommerce-Price-amount amount\"><bdi><span class=\"woocommerce-Price-currencySymbol\">&#8370;<\/span>&nbsp;90.000<\/bdi><\/span><\/span>\n<\/a><a href=\"\/index.php?rest_route=%2Fwp%2Fv2%2Fpages%2F23&#038;add-to-cart=79\" aria-describedby=\"woocommerce_loop_add_to_cart_link_describedby_79\" data-quantity=\"1\" class=\"button wp-element-button product_type_simple add_to_cart_button ajax_add_to_cart\" data-product_id=\"79\" data-product_sku=\"\" aria-label=\"Add to cart: &ldquo;Collar Onyx Square&rdquo;\" rel=\"nofollow\" data-success_message=\"&ldquo;Collar Onyx Square&rdquo; se agreg\u00f3 al carrito\" role=\"button\">Agregar al carrito<\/a>\t<span id=\"woocommerce_loop_add_to_cart_link_describedby_79\" class=\"screen-reader-text\">\n\t\t\t<\/span>\n<\/li>\n<li class=\"product type-product post-77 status-publish last instock product_cat-collares has-post-thumbnail shipping-taxable purchasable product-type-simple\">\n\t<a href=\"https:\/\/flamingoasu.com\/?product=collar-dark-edge\" class=\"woocommerce-LoopProduct-link woocommerce-loop-product__link\"><img loading=\"lazy\" decoding=\"async\" width=\"300\" height=\"300\" src=\"https:\/\/flamingoasu.com\/wp-content\/uploads\/2026\/01\/WhatsApp-Image-2026-01-14-at-17.09.10-2-300x300.jpeg\" class=\"attachment-woocommerce_thumbnail size-woocommerce_thumbnail\" alt=\"Collar Dark Edge\" srcset=\"https:\/\/flamingoasu.com\/wp-content\/uploads\/2026\/01\/WhatsApp-Image-2026-01-14-at-17.09.10-2-300x300.jpeg 300w, https:\/\/flamingoasu.com\/wp-content\/uploads\/2026\/01\/WhatsApp-Image-2026-01-14-at-17.09.10-2-1024x1024.jpeg 1024w, https:\/\/flamingoasu.com\/wp-content\/uploads\/2026\/01\/WhatsApp-Image-2026-01-14-at-17.09.10-2-150x150.jpeg 150w, https:\/\/flamingoasu.com\/wp-content\/uploads\/2026\/01\/WhatsApp-Image-2026-01-14-at-17.09.10-2-768x768.jpeg 768w, https:\/\/flamingoasu.com\/wp-content\/uploads\/2026\/01\/WhatsApp-Image-2026-01-14-at-17.09.10-2-1536x1536.jpeg 1536w, https:\/\/flamingoasu.com\/wp-content\/uploads\/2026\/01\/WhatsApp-Image-2026-01-14-at-17.09.10-2-600x600.jpeg 600w, https:\/\/flamingoasu.com\/wp-content\/uploads\/2026\/01\/WhatsApp-Image-2026-01-14-at-17.09.10-2-100x100.jpeg 100w, https:\/\/flamingoasu.com\/wp-content\/uploads\/2026\/01\/WhatsApp-Image-2026-01-14-at-17.09.10-2.jpeg 1600w\" sizes=\"(max-width: 300px) 100vw, 300px\" \/><h2 class=\"woocommerce-loop-product__title\">Collar Dark Edge<\/h2>\n\t<span class=\"price\"><span class=\"woocommerce-Price-amount amount\"><bdi><span class=\"woocommerce-Price-currencySymbol\">&#8370;<\/span>&nbsp;90.000<\/bdi><\/span><\/span>\n<\/a><a href=\"\/index.php?rest_route=%2Fwp%2Fv2%2Fpages%2F23&#038;add-to-cart=77\" aria-describedby=\"woocommerce_loop_add_to_cart_link_describedby_77\" data-quantity=\"1\" class=\"button wp-element-button product_type_simple add_to_cart_button ajax_add_to_cart\" data-product_id=\"77\" data-product_sku=\"\" aria-label=\"Add to cart: &ldquo;Collar Dark Edge&rdquo;\" rel=\"nofollow\" data-success_message=\"&ldquo;Collar Dark Edge&rdquo; se agreg\u00f3 al carrito\" role=\"button\">Agregar al carrito<\/a>\t<span id=\"woocommerce_loop_add_to_cart_link_describedby_77\" class=\"screen-reader-text\">\n\t\t\t<\/span>\n<\/li>\n<\/ul>\n<\/div><\/div>\n\t\t\t\t\t\t<\/div>\n\t\t\t\t\t<\/div>\n\t\t\t\t<\/div>\n\t\t\t\t<\/div>\n\t\t\t\t<\/div>\n\t\t","protected":false},"excerpt":{"rendered":"<p>Flamingoasu No son solo accesorios, es tu esencia en cada detalle. Comprar Ahora Haz clic aqu\u00ed Pulseras Haz clic aqu\u00ed Collares Haz clic aqu\u00ed Relojes Haz clic aqu\u00ed San valentin Men&#8217;s Accessories<\/p>\n","protected":false},"author":1,"featured_media":0,"parent":0,"menu_order":0,"comment_status":"closed","ping_status":"closed","template":"","meta":{"footnotes":""},"class_list":["post-23","page","type-page","status-publish","hentry"],"_hostinger_reach_plugin_has_subscription_block":false,"_hostinger_reach_plugin_is_elementor":false,"_links":{"self":[{"href":"https:\/\/flamingoasu.com\/index.php?rest_route=\/wp\/v2\/pages\/23","targetHints":{"allow":["GET"]}}],"collection":[{"href":"https:\/\/flamingoasu.com\/index.php?rest_route=\/wp\/v2\/pages"}],"about":[{"href":"https:\/\/flamingoasu.com\/index.php?rest_route=\/wp\/v2\/types\/page"}],"author":[{"embeddable":true,"href":"https:\/\/flamingoasu.com\/index.php?rest_route=\/wp\/v2\/users\/1"}],"replies":[{"embeddable":true,"href":"https:\/\/flamingoasu.com\/index.php?rest_route=%2Fwp%2Fv2%2Fcomments&post=23"}],"version-history":[{"count":15,"href":"https:\/\/flamingoasu.com\/index.php?rest_route=\/wp\/v2\/pages\/23\/revisions"}],"predecessor-version":[{"id":73,"href":"https:\/\/flamingoasu.com\/index.php?rest_route=\/wp\/v2\/pages\/23\/revisions\/73"}],"wp:attachment":[{"href":"https:\/\/flamingoasu.com\/index.php?rest_route=%2Fwp%2Fv2%2Fmedia&parent=23"}],"curies":[{"name":"wp","href":"https:\/\/api.w.org\/{rel}","templated":true}]}}