{"id":79,"date":"2026-01-14T17:37:33","date_gmt":"2026-01-14T20:37:33","guid":{"rendered":"https:\/\/flamingoasu.com\/?post_type=product&#038;p=79"},"modified":"2026-01-14T17:51:08","modified_gmt":"2026-01-14T20:51:08","slug":"collar-onyx-square","status":"publish","type":"product","link":"https:\/\/flamingoasu.com\/?product=collar-onyx-square","title":{"rendered":"Collar Onyx Square"},"content":{"rendered":"<p>Collar de acero inoxidable con dije geom\u00e9trico de centro negro profundo. Una pieza que equilibra el brillo del metal con la sobriedad del \u00f3nix sint\u00e9tico.<\/p>\n","protected":false},"excerpt":{"rendered":"<p>Collar de acero inoxidable con dije geom\u00e9trico de centro negro profundo. Una pieza que equilibra el brillo del metal con la sobriedad del \u00f3nix sint\u00e9tico.<\/p>\n","protected":false},"featured_media":80,"comment_status":"open","ping_status":"closed","template":"","meta":[],"product_brand":[],"product_cat":[22],"product_tag":[],"class_list":{"0":"post-79","1":"product","2":"type-product","3":"status-publish","4":"has-post-thumbnail","6":"product_cat-collares","8":"first","9":"instock","10":"shipping-taxable","11":"purchasable","12":"product-type-simple"},"_links":{"self":[{"href":"https:\/\/flamingoasu.com\/index.php?rest_route=\/wp\/v2\/product\/79","targetHints":{"allow":["GET"]}}],"collection":[{"href":"https:\/\/flamingoasu.com\/index.php?rest_route=\/wp\/v2\/product"}],"about":[{"href":"https:\/\/flamingoasu.com\/index.php?rest_route=\/wp\/v2\/types\/product"}],"replies":[{"embeddable":true,"href":"https:\/\/flamingoasu.com\/index.php?rest_route=%2Fwp%2Fv2%2Fcomments&post=79"}],"wp:featuredmedia":[{"embeddable":true,"href":"https:\/\/flamingoasu.com\/index.php?rest_route=\/wp\/v2\/media\/80"}],"wp:attachment":[{"href":"https:\/\/flamingoasu.com\/index.php?rest_route=%2Fwp%2Fv2%2Fmedia&parent=79"}],"wp:term":[{"taxonomy":"product_brand","embeddable":true,"href":"https:\/\/flamingoasu.com\/index.php?rest_route=%2Fwp%2Fv2%2Fproduct_brand&post=79"},{"taxonomy":"product_cat","embeddable":true,"href":"https:\/\/flamingoasu.com\/index.php?rest_route=%2Fwp%2Fv2%2Fproduct_cat&post=79"},{"taxonomy":"product_tag","embeddable":true,"href":"https:\/\/flamingoasu.com\/index.php?rest_route=%2Fwp%2Fv2%2Fproduct_tag&post=79"}],"curies":[{"name":"wp","href":"https:\/\/api.w.org\/{rel}","templated":true}]}}