{"id":83,"date":"2026-01-14T18:05:27","date_gmt":"2026-01-14T21:05:27","guid":{"rendered":"https:\/\/flamingoasu.com\/?post_type=product&#038;p=83"},"modified":"2026-01-14T18:05:27","modified_gmt":"2026-01-14T21:05:27","slug":"pulsera-cordon-de-acero","status":"publish","type":"product","link":"https:\/\/flamingoasu.com\/?product=pulsera-cordon-de-acero","title":{"rendered":"Pulsera Cordon de Acero"},"content":{"rendered":"<p>Pulsera de acero inoxidable con dise\u00f1o de cable trenzado en color negro mate. Una pieza de estructura r\u00edgida y est\u00e9tica t\u00e9cnica para un look con fuerza.<\/p>\n","protected":false},"excerpt":{"rendered":"<p>Pulsera de acero inoxidable con dise\u00f1o de cable trenzado en color negro mate. Una pieza de estructura r\u00edgida y est\u00e9tica t\u00e9cnica para un look con fuerza.<\/p>\n","protected":false},"featured_media":84,"comment_status":"open","ping_status":"closed","template":"","meta":[],"product_brand":[],"product_cat":[15],"product_tag":[],"class_list":{"0":"post-83","1":"product","2":"type-product","3":"status-publish","4":"has-post-thumbnail","6":"product_cat-uncategorized","8":"first","9":"instock","10":"shipping-taxable","11":"purchasable","12":"product-type-simple"},"_links":{"self":[{"href":"https:\/\/flamingoasu.com\/index.php?rest_route=\/wp\/v2\/product\/83","targetHints":{"allow":["GET"]}}],"collection":[{"href":"https:\/\/flamingoasu.com\/index.php?rest_route=\/wp\/v2\/product"}],"about":[{"href":"https:\/\/flamingoasu.com\/index.php?rest_route=\/wp\/v2\/types\/product"}],"replies":[{"embeddable":true,"href":"https:\/\/flamingoasu.com\/index.php?rest_route=%2Fwp%2Fv2%2Fcomments&post=83"}],"wp:featuredmedia":[{"embeddable":true,"href":"https:\/\/flamingoasu.com\/index.php?rest_route=\/wp\/v2\/media\/84"}],"wp:attachment":[{"href":"https:\/\/flamingoasu.com\/index.php?rest_route=%2Fwp%2Fv2%2Fmedia&parent=83"}],"wp:term":[{"taxonomy":"product_brand","embeddable":true,"href":"https:\/\/flamingoasu.com\/index.php?rest_route=%2Fwp%2Fv2%2Fproduct_brand&post=83"},{"taxonomy":"product_cat","embeddable":true,"href":"https:\/\/flamingoasu.com\/index.php?rest_route=%2Fwp%2Fv2%2Fproduct_cat&post=83"},{"taxonomy":"product_tag","embeddable":true,"href":"https:\/\/flamingoasu.com\/index.php?rest_route=%2Fwp%2Fv2%2Fproduct_tag&post=83"}],"curies":[{"name":"wp","href":"https:\/\/api.w.org\/{rel}","templated":true}]}}